{"id":126,"date":"2022-08-01T22:57:43","date_gmt":"2022-08-01T22:57:43","guid":{"rendered":"https:\/\/50jahrevolleyball.seosystem.de\/?page_id=126"},"modified":"2022-08-02T21:13:12","modified_gmt":"2022-08-02T21:13:12","slug":"chronik-2","status":"publish","type":"page","link":"https:\/\/50jahrevolleyball.seosystem.de\/index.php\/chronik-2\/","title":{"rendered":"Chronik"},"content":{"rendered":"\n<p>50 Jahre sind eine so lange Zeit, das wird einem erst richtig bewu\u00dft, wenn man es sich in Bildern vor Augen f\u00fchrt. Das Leben fr\u00fcher in schwarz-wei\u00df,  da und dort die Fahrzeuge von fr\u00fcher, und mitten drin die \u00c4nf\u00e4nge der Abteilung. <\/p>\n\n\n\n<p>Nehmt ihn  in Euch auf, den Charme der fr\u00fchen Jahre, die fr\u00fchen Photos, Nostalgie &#8211; erst sp\u00e4ter farbig moderner, irgendwann digital &#8211;  aber immer die Volleyball-Family. <\/p>\n\n\n\n<p>50 Jahre  &#8211; in der Chronologie der <a href=\"https:\/\/50jahrevolleyball.seosystem.de\/index.php\/chronik\/\">Rede von Rolf <\/a> &#8211; erahnbar, was alles passiert ist, wie es sich zugetragen hat, die Mannschaften, die Aufs und Abs und letztlich das Zusammenhalten durch Rolf und das jeweilige Team. <\/p>\n\n\n\n<p>Es wurden \u00fcber Jahrzehnnte Bilder und Zeitungsauschnitte gesammelt &#8211; in der Hauptsache in den Ordnern von Rolf &#8211; nun stellen wir sie Euch gerne \u00fcber dieses Medium zur Verf\u00fcgung, dabei viel Spa\u00df und gerne eine sentimentale Reise in die Vergangenheit ;-).<\/p>\n","protected":false},"excerpt":{"rendered":"<p>50 Jahre sind eine so lange Zeit, das wird einem erst richtig bewu\u00dft, wenn man es sich in Bildern vor Augen f\u00fchrt. Das Leben fr\u00fcher in schwarz-wei\u00df, da und dort die Fahrzeuge von fr\u00fcher, und mitten drin die \u00c4nf\u00e4nge der Abteilung. Nehmt ihn in Euch auf, den Charme der fr\u00fchen Jahre, die fr\u00fchen Photos, Nostalgie [&hellip;]<\/p>\n","protected":false},"author":2,"featured_media":0,"parent":0,"menu_order":0,"comment_status":"closed","ping_status":"closed","template":"","meta":[],"yoast_head":"<!-- This site is optimized with the Yoast SEO plugin v19.7.1 - https:\/\/yoast.com\/wordpress\/plugins\/seo\/ -->\n<title>Chronik - 50 Jahre Volleyball-Abteilung im RTV<\/title>\n<meta name=\"robots\" content=\"index, follow, max-snippet:-1, max-image-preview:large, max-video-preview:-1\" \/>\n<link rel=\"canonical\" href=\"https:\/\/50jahrevolleyball.seosystem.de\/index.php\/chronik-2\/\" \/>\n<meta property=\"og:locale\" content=\"de_DE\" \/>\n<meta property=\"og:type\" content=\"article\" \/>\n<meta property=\"og:title\" content=\"Chronik - 50 Jahre Volleyball-Abteilung im RTV\" \/>\n<meta property=\"og:description\" content=\"50 Jahre sind eine so lange Zeit, das wird einem erst richtig bewu\u00dft, wenn man es sich in Bildern vor Augen f\u00fchrt. Das Leben fr\u00fcher in schwarz-wei\u00df, da und dort die Fahrzeuge von fr\u00fcher, und mitten drin die \u00c4nf\u00e4nge der Abteilung. Nehmt ihn in Euch auf, den Charme der fr\u00fchen Jahre, die fr\u00fchen Photos, Nostalgie [&hellip;]\" \/>\n<meta property=\"og:url\" content=\"https:\/\/50jahrevolleyball.seosystem.de\/index.php\/chronik-2\/\" \/>\n<meta property=\"og:site_name\" content=\"50 Jahre Volleyball-Abteilung im RTV\" \/>\n<meta property=\"article:modified_time\" content=\"2022-08-02T21:13:12+00:00\" \/>\n<meta name=\"twitter:card\" content=\"summary_large_image\" \/>\n<meta name=\"twitter:label1\" content=\"Gesch\u00e4tzte Lesezeit\" \/>\n\t<meta name=\"twitter:data1\" content=\"1\u00a0Minute\" \/>\n<script type=\"application\/ld+json\" class=\"yoast-schema-graph\">{\"@context\":\"https:\/\/schema.org\",\"@graph\":[{\"@type\":\"WebPage\",\"@id\":\"https:\/\/50jahrevolleyball.seosystem.de\/index.php\/chronik-2\/\",\"url\":\"https:\/\/50jahrevolleyball.seosystem.de\/index.php\/chronik-2\/\",\"name\":\"Chronik - 50 Jahre Volleyball-Abteilung im RTV\",\"isPartOf\":{\"@id\":\"https:\/\/50jahrevolleyball.seosystem.de\/#website\"},\"datePublished\":\"2022-08-01T22:57:43+00:00\",\"dateModified\":\"2022-08-02T21:13:12+00:00\",\"breadcrumb\":{\"@id\":\"https:\/\/50jahrevolleyball.seosystem.de\/index.php\/chronik-2\/#breadcrumb\"},\"inLanguage\":\"de\",\"potentialAction\":[{\"@type\":\"ReadAction\",\"target\":[\"https:\/\/50jahrevolleyball.seosystem.de\/index.php\/chronik-2\/\"]}]},{\"@type\":\"BreadcrumbList\",\"@id\":\"https:\/\/50jahrevolleyball.seosystem.de\/index.php\/chronik-2\/#breadcrumb\",\"itemListElement\":[{\"@type\":\"ListItem\",\"position\":1,\"name\":\"Home\",\"item\":\"https:\/\/50jahrevolleyball.seosystem.de\/\"},{\"@type\":\"ListItem\",\"position\":2,\"name\":\"Chronik\"}]},{\"@type\":\"WebSite\",\"@id\":\"https:\/\/50jahrevolleyball.seosystem.de\/#website\",\"url\":\"https:\/\/50jahrevolleyball.seosystem.de\/\",\"name\":\"50 Jahre Volleyball-Abteilung im RTV\",\"description\":\"50 Jahre Rolf D\u00f6hrer\",\"potentialAction\":[{\"@type\":\"SearchAction\",\"target\":{\"@type\":\"EntryPoint\",\"urlTemplate\":\"https:\/\/50jahrevolleyball.seosystem.de\/?s={search_term_string}\"},\"query-input\":\"required name=search_term_string\"}],\"inLanguage\":\"de\"}]}<\/script>\n<!-- \/ Yoast SEO plugin. -->","yoast_head_json":{"title":"Chronik - 50 Jahre Volleyball-Abteilung im RTV","robots":{"index":"index","follow":"follow","max-snippet":"max-snippet:-1","max-image-preview":"max-image-preview:large","max-video-preview":"max-video-preview:-1"},"canonical":"https:\/\/50jahrevolleyball.seosystem.de\/index.php\/chronik-2\/","og_locale":"de_DE","og_type":"article","og_title":"Chronik - 50 Jahre Volleyball-Abteilung im RTV","og_description":"50 Jahre sind eine so lange Zeit, das wird einem erst richtig bewu\u00dft, wenn man es sich in Bildern vor Augen f\u00fchrt. Das Leben fr\u00fcher in schwarz-wei\u00df, da und dort die Fahrzeuge von fr\u00fcher, und mitten drin die \u00c4nf\u00e4nge der Abteilung. Nehmt ihn in Euch auf, den Charme der fr\u00fchen Jahre, die fr\u00fchen Photos, Nostalgie [&hellip;]","og_url":"https:\/\/50jahrevolleyball.seosystem.de\/index.php\/chronik-2\/","og_site_name":"50 Jahre Volleyball-Abteilung im RTV","article_modified_time":"2022-08-02T21:13:12+00:00","twitter_card":"summary_large_image","twitter_misc":{"Gesch\u00e4tzte Lesezeit":"1\u00a0Minute"},"schema":{"@context":"https:\/\/schema.org","@graph":[{"@type":"WebPage","@id":"https:\/\/50jahrevolleyball.seosystem.de\/index.php\/chronik-2\/","url":"https:\/\/50jahrevolleyball.seosystem.de\/index.php\/chronik-2\/","name":"Chronik - 50 Jahre Volleyball-Abteilung im RTV","isPartOf":{"@id":"https:\/\/50jahrevolleyball.seosystem.de\/#website"},"datePublished":"2022-08-01T22:57:43+00:00","dateModified":"2022-08-02T21:13:12+00:00","breadcrumb":{"@id":"https:\/\/50jahrevolleyball.seosystem.de\/index.php\/chronik-2\/#breadcrumb"},"inLanguage":"de","potentialAction":[{"@type":"ReadAction","target":["https:\/\/50jahrevolleyball.seosystem.de\/index.php\/chronik-2\/"]}]},{"@type":"BreadcrumbList","@id":"https:\/\/50jahrevolleyball.seosystem.de\/index.php\/chronik-2\/#breadcrumb","itemListElement":[{"@type":"ListItem","position":1,"name":"Home","item":"https:\/\/50jahrevolleyball.seosystem.de\/"},{"@type":"ListItem","position":2,"name":"Chronik"}]},{"@type":"WebSite","@id":"https:\/\/50jahrevolleyball.seosystem.de\/#website","url":"https:\/\/50jahrevolleyball.seosystem.de\/","name":"50 Jahre Volleyball-Abteilung im RTV","description":"50 Jahre Rolf D\u00f6hrer","potentialAction":[{"@type":"SearchAction","target":{"@type":"EntryPoint","urlTemplate":"https:\/\/50jahrevolleyball.seosystem.de\/?s={search_term_string}"},"query-input":"required name=search_term_string"}],"inLanguage":"de"}]}},"_links":{"self":[{"href":"https:\/\/50jahrevolleyball.seosystem.de\/index.php\/wp-json\/wp\/v2\/pages\/126"}],"collection":[{"href":"https:\/\/50jahrevolleyball.seosystem.de\/index.php\/wp-json\/wp\/v2\/pages"}],"about":[{"href":"https:\/\/50jahrevolleyball.seosystem.de\/index.php\/wp-json\/wp\/v2\/types\/page"}],"author":[{"embeddable":true,"href":"https:\/\/50jahrevolleyball.seosystem.de\/index.php\/wp-json\/wp\/v2\/users\/2"}],"replies":[{"embeddable":true,"href":"https:\/\/50jahrevolleyball.seosystem.de\/index.php\/wp-json\/wp\/v2\/comments?post=126"}],"version-history":[{"count":8,"href":"https:\/\/50jahrevolleyball.seosystem.de\/index.php\/wp-json\/wp\/v2\/pages\/126\/revisions"}],"predecessor-version":[{"id":1359,"href":"https:\/\/50jahrevolleyball.seosystem.de\/index.php\/wp-json\/wp\/v2\/pages\/126\/revisions\/1359"}],"wp:attachment":[{"href":"https:\/\/50jahrevolleyball.seosystem.de\/index.php\/wp-json\/wp\/v2\/media?parent=126"}],"curies":[{"name":"wp","href":"https:\/\/api.w.org\/{rel}","templated":true}]}}