{"id":42,"date":"2022-08-01T18:55:54","date_gmt":"2022-08-01T18:55:54","guid":{"rendered":"https:\/\/50jahrevolleyball.seosystem.de\/?page_id=42"},"modified":"2023-04-05T22:36:16","modified_gmt":"2023-04-05T22:36:16","slug":"gallerien","status":"publish","type":"page","link":"https:\/\/50jahrevolleyball.seosystem.de\/index.php\/gallerien\/","title":{"rendered":"Der Tag &#8211; Galerie"},"content":{"rendered":"<p>Ganz viele emotionale \u00fcberragende Eindr\u00fccke, viele, viele Augenblicke in den Herzen und Wahrnehmungen mit den Augen, zum Gl\u00fcck auch als Bilder festgehalten :-).\u00a0 Ich habe diese zahlreichen Bilder &#8218;irgendwie&#8216; in Galerien verteilt \u2013 schaut sie Euch an, habe versucht etwas Ordnung rein zu bringen.<\/p>\n<p>Besonders interessant d\u00fcrften die unz\u00e4hligen Fotoerinnerungen unter dem Men\u00fcpunkt Chronik sein :-). Sie stammen fast alle aus dem Fundus von Rolf, \u00fcber Jahre hat er sie liebevoll zusammengetragen und erhalten. Nun k\u00f6nnen wir sie digital mit der moderne M\u00f6glichkeit der heutigen Zeit\u00a0 &gt;Internet&lt;\u00a0 auf uns wirken lassen, lasst Euch entf\u00fchren in die 50 Jahre der Volleyballabteilung.<\/p>\n<p>Genie\u00dft den Nachmittag, fiebert mit beim Beachen und relaxt beim Abend \ud83d\ude42<\/p>\n<p>Je nach Menge der Bilder und Internet-Leitung kann das Laden etwas dauern \u2026.<\/p>\n","protected":false},"excerpt":{"rendered":"<p>Ganz viele emotionale \u00fcberragende Eindr\u00fccke, viele, viele Augenblicke in den Herzen und Wahrnehmungen mit den Augen, zum Gl\u00fcck auch als Bilder festgehalten :-).\u00a0 Ich habe diese zahlreichen Bilder &#8218;irgendwie&#8216; in Galerien verteilt \u2013 schaut sie Euch an, habe versucht etwas Ordnung rein zu bringen. Besonders interessant d\u00fcrften die unz\u00e4hligen Fotoerinnerungen unter dem Men\u00fcpunkt Chronik sein [&hellip;]<\/p>\n","protected":false},"author":1,"featured_media":0,"parent":0,"menu_order":0,"comment_status":"closed","ping_status":"closed","template":"","meta":[],"yoast_head":"<!-- This site is optimized with the Yoast SEO plugin v19.7.1 - https:\/\/yoast.com\/wordpress\/plugins\/seo\/ -->\n<title>Der Tag - Galerie - 50 Jahre Volleyball-Abteilung im RTV<\/title>\n<meta name=\"robots\" content=\"index, follow, max-snippet:-1, max-image-preview:large, max-video-preview:-1\" \/>\n<link rel=\"canonical\" href=\"https:\/\/50jahrevolleyball.seosystem.de\/index.php\/gallerien\/\" \/>\n<meta property=\"og:locale\" content=\"de_DE\" \/>\n<meta property=\"og:type\" content=\"article\" \/>\n<meta property=\"og:title\" content=\"Der Tag - Galerie - 50 Jahre Volleyball-Abteilung im RTV\" \/>\n<meta property=\"og:description\" content=\"Ganz viele emotionale \u00fcberragende Eindr\u00fccke, viele, viele Augenblicke in den Herzen und Wahrnehmungen mit den Augen, zum Gl\u00fcck auch als Bilder festgehalten :-).\u00a0 Ich habe diese zahlreichen Bilder &#8218;irgendwie&#8216; in Galerien verteilt \u2013 schaut sie Euch an, habe versucht etwas Ordnung rein zu bringen. Besonders interessant d\u00fcrften die unz\u00e4hligen Fotoerinnerungen unter dem Men\u00fcpunkt Chronik sein [&hellip;]\" \/>\n<meta property=\"og:url\" content=\"https:\/\/50jahrevolleyball.seosystem.de\/index.php\/gallerien\/\" \/>\n<meta property=\"og:site_name\" content=\"50 Jahre Volleyball-Abteilung im RTV\" \/>\n<meta property=\"article:modified_time\" content=\"2023-04-05T22:36:16+00:00\" \/>\n<meta name=\"twitter:card\" content=\"summary_large_image\" \/>\n<meta name=\"twitter:label1\" content=\"Gesch\u00e4tzte Lesezeit\" \/>\n\t<meta name=\"twitter:data1\" content=\"1\u00a0Minute\" \/>\n<script type=\"application\/ld+json\" class=\"yoast-schema-graph\">{\"@context\":\"https:\/\/schema.org\",\"@graph\":[{\"@type\":\"WebPage\",\"@id\":\"https:\/\/50jahrevolleyball.seosystem.de\/index.php\/gallerien\/\",\"url\":\"https:\/\/50jahrevolleyball.seosystem.de\/index.php\/gallerien\/\",\"name\":\"Der Tag - Galerie - 50 Jahre Volleyball-Abteilung im RTV\",\"isPartOf\":{\"@id\":\"https:\/\/50jahrevolleyball.seosystem.de\/#website\"},\"datePublished\":\"2022-08-01T18:55:54+00:00\",\"dateModified\":\"2023-04-05T22:36:16+00:00\",\"breadcrumb\":{\"@id\":\"https:\/\/50jahrevolleyball.seosystem.de\/index.php\/gallerien\/#breadcrumb\"},\"inLanguage\":\"de\",\"potentialAction\":[{\"@type\":\"ReadAction\",\"target\":[\"https:\/\/50jahrevolleyball.seosystem.de\/index.php\/gallerien\/\"]}]},{\"@type\":\"BreadcrumbList\",\"@id\":\"https:\/\/50jahrevolleyball.seosystem.de\/index.php\/gallerien\/#breadcrumb\",\"itemListElement\":[{\"@type\":\"ListItem\",\"position\":1,\"name\":\"Home\",\"item\":\"https:\/\/50jahrevolleyball.seosystem.de\/\"},{\"@type\":\"ListItem\",\"position\":2,\"name\":\"Der Tag &#8211; Galerie\"}]},{\"@type\":\"WebSite\",\"@id\":\"https:\/\/50jahrevolleyball.seosystem.de\/#website\",\"url\":\"https:\/\/50jahrevolleyball.seosystem.de\/\",\"name\":\"50 Jahre Volleyball-Abteilung im RTV\",\"description\":\"50 Jahre Rolf D\u00f6hrer\",\"potentialAction\":[{\"@type\":\"SearchAction\",\"target\":{\"@type\":\"EntryPoint\",\"urlTemplate\":\"https:\/\/50jahrevolleyball.seosystem.de\/?s={search_term_string}\"},\"query-input\":\"required name=search_term_string\"}],\"inLanguage\":\"de\"}]}<\/script>\n<!-- \/ Yoast SEO plugin. -->","yoast_head_json":{"title":"Der Tag - Galerie - 50 Jahre Volleyball-Abteilung im RTV","robots":{"index":"index","follow":"follow","max-snippet":"max-snippet:-1","max-image-preview":"max-image-preview:large","max-video-preview":"max-video-preview:-1"},"canonical":"https:\/\/50jahrevolleyball.seosystem.de\/index.php\/gallerien\/","og_locale":"de_DE","og_type":"article","og_title":"Der Tag - Galerie - 50 Jahre Volleyball-Abteilung im RTV","og_description":"Ganz viele emotionale \u00fcberragende Eindr\u00fccke, viele, viele Augenblicke in den Herzen und Wahrnehmungen mit den Augen, zum Gl\u00fcck auch als Bilder festgehalten :-).\u00a0 Ich habe diese zahlreichen Bilder &#8218;irgendwie&#8216; in Galerien verteilt \u2013 schaut sie Euch an, habe versucht etwas Ordnung rein zu bringen. Besonders interessant d\u00fcrften die unz\u00e4hligen Fotoerinnerungen unter dem Men\u00fcpunkt Chronik sein [&hellip;]","og_url":"https:\/\/50jahrevolleyball.seosystem.de\/index.php\/gallerien\/","og_site_name":"50 Jahre Volleyball-Abteilung im RTV","article_modified_time":"2023-04-05T22:36:16+00:00","twitter_card":"summary_large_image","twitter_misc":{"Gesch\u00e4tzte Lesezeit":"1\u00a0Minute"},"schema":{"@context":"https:\/\/schema.org","@graph":[{"@type":"WebPage","@id":"https:\/\/50jahrevolleyball.seosystem.de\/index.php\/gallerien\/","url":"https:\/\/50jahrevolleyball.seosystem.de\/index.php\/gallerien\/","name":"Der Tag - Galerie - 50 Jahre Volleyball-Abteilung im RTV","isPartOf":{"@id":"https:\/\/50jahrevolleyball.seosystem.de\/#website"},"datePublished":"2022-08-01T18:55:54+00:00","dateModified":"2023-04-05T22:36:16+00:00","breadcrumb":{"@id":"https:\/\/50jahrevolleyball.seosystem.de\/index.php\/gallerien\/#breadcrumb"},"inLanguage":"de","potentialAction":[{"@type":"ReadAction","target":["https:\/\/50jahrevolleyball.seosystem.de\/index.php\/gallerien\/"]}]},{"@type":"BreadcrumbList","@id":"https:\/\/50jahrevolleyball.seosystem.de\/index.php\/gallerien\/#breadcrumb","itemListElement":[{"@type":"ListItem","position":1,"name":"Home","item":"https:\/\/50jahrevolleyball.seosystem.de\/"},{"@type":"ListItem","position":2,"name":"Der Tag &#8211; Galerie"}]},{"@type":"WebSite","@id":"https:\/\/50jahrevolleyball.seosystem.de\/#website","url":"https:\/\/50jahrevolleyball.seosystem.de\/","name":"50 Jahre Volleyball-Abteilung im RTV","description":"50 Jahre Rolf D\u00f6hrer","potentialAction":[{"@type":"SearchAction","target":{"@type":"EntryPoint","urlTemplate":"https:\/\/50jahrevolleyball.seosystem.de\/?s={search_term_string}"},"query-input":"required name=search_term_string"}],"inLanguage":"de"}]}},"_links":{"self":[{"href":"https:\/\/50jahrevolleyball.seosystem.de\/index.php\/wp-json\/wp\/v2\/pages\/42"}],"collection":[{"href":"https:\/\/50jahrevolleyball.seosystem.de\/index.php\/wp-json\/wp\/v2\/pages"}],"about":[{"href":"https:\/\/50jahrevolleyball.seosystem.de\/index.php\/wp-json\/wp\/v2\/types\/page"}],"author":[{"embeddable":true,"href":"https:\/\/50jahrevolleyball.seosystem.de\/index.php\/wp-json\/wp\/v2\/users\/1"}],"replies":[{"embeddable":true,"href":"https:\/\/50jahrevolleyball.seosystem.de\/index.php\/wp-json\/wp\/v2\/comments?post=42"}],"version-history":[{"count":9,"href":"https:\/\/50jahrevolleyball.seosystem.de\/index.php\/wp-json\/wp\/v2\/pages\/42\/revisions"}],"predecessor-version":[{"id":1379,"href":"https:\/\/50jahrevolleyball.seosystem.de\/index.php\/wp-json\/wp\/v2\/pages\/42\/revisions\/1379"}],"wp:attachment":[{"href":"https:\/\/50jahrevolleyball.seosystem.de\/index.php\/wp-json\/wp\/v2\/media?parent=42"}],"curies":[{"name":"wp","href":"https:\/\/api.w.org\/{rel}","templated":true}]}}